{"id":3324,"date":"2022-06-01T12:24:51","date_gmt":"2022-06-01T12:24:51","guid":{"rendered":"https:\/\/simplicitefinanciere.ca\/about-us\/"},"modified":"2022-10-11T02:50:32","modified_gmt":"2022-10-11T02:50:32","slug":"about-us","status":"publish","type":"page","link":"https:\/\/simplicitefinanciere.ca\/en\/about-us\/","title":{"rendered":"About us"},"content":{"rendered":"\t\t<div data-elementor-type=\"wp-page\" data-elementor-id=\"3324\" class=\"elementor elementor-3324 elementor-2626\" data-elementor-post-type=\"page\">\n\t\t\t\t\t\t<section class=\"elementor-section elementor-top-section elementor-element elementor-element-6a6b2dcb elementor-section-full_width elementor-section-height-default elementor-section-height-default\" data-id=\"6a6b2dcb\" data-element_type=\"section\" data-e-type=\"section\" data-settings=\"{&quot;background_background&quot;:&quot;classic&quot;}\">\n\t\t\t\t\t\t<div class=\"elementor-container elementor-column-gap-no\">\n\t\t\t\t\t<div class=\"elementor-column elementor-col-100 elementor-top-column elementor-element elementor-element-766cf96\" data-id=\"766cf96\" data-element_type=\"column\" data-e-type=\"column\">\n\t\t\t<div class=\"elementor-widget-wrap elementor-element-populated\">\n\t\t\t\t\t\t<div class=\"elementor-element elementor-element-c60a458 elementor-widget elementor-widget-heading\" data-id=\"c60a458\" data-element_type=\"widget\" data-e-type=\"widget\" data-widget_type=\"heading.default\">\n\t\t\t\t<div class=\"elementor-widget-container\">\n\t\t\t\t\t<h2 class=\"elementor-heading-title elementor-size-default\">Who are we? <\/h2>\t\t\t\t<\/div>\n\t\t\t\t<\/div>\n\t\t\t\t<div class=\"elementor-element elementor-element-19d7f7b5 elementor-widget elementor-widget-text-editor\" data-id=\"19d7f7b5\" data-element_type=\"widget\" data-e-type=\"widget\" data-widget_type=\"text-editor.default\">\n\t\t\t\t<div class=\"elementor-widget-container\">\n\t\t\t\t\t\t\t\t\t<p>Simplicit\u00e9 financi\u00e8re is a financial services firm providing services in investments, life and health care insurance, and group insurance. Furthermore, we produce income tax returns for individuals and self-employed workers. Our multidisciplinary team allows us to meet your financial needs in terms of both your family and your small business.<\/p>\n\t\t\t\t\t\t\t\t<\/div>\n\t\t\t\t<\/div>\n\t\t\t\t<div class=\"elementor-element elementor-element-04b128d elementor-widget elementor-widget-heading\" data-id=\"04b128d\" data-element_type=\"widget\" data-e-type=\"widget\" data-widget_type=\"heading.default\">\n\t\t\t\t<div class=\"elementor-widget-container\">\n\t\t\t\t\t<h2 class=\"elementor-heading-title elementor-size-default\">Why do business with us? <\/h2>\t\t\t\t<\/div>\n\t\t\t\t<\/div>\n\t\t\t\t<div class=\"elementor-element elementor-element-12373a7 elementor-widget elementor-widget-text-editor\" data-id=\"12373a7\" data-element_type=\"widget\" data-e-type=\"widget\" data-widget_type=\"text-editor.default\">\n\t\t\t\t<div class=\"elementor-widget-container\">\n\t\t\t\t\t\t\t\t\t<p>We stand out first and foremost by our authenticity. We take the time to listen to you, to analyze your needs, but most importantly, to explain the logic behind our advice. As a result, you will walk away worry free and with peace of mind.<\/p>\n\t\t\t\t\t\t\t\t<\/div>\n\t\t\t\t<\/div>\n\t\t\t\t<div class=\"elementor-element elementor-element-4957179 elementor-widget elementor-widget-heading\" data-id=\"4957179\" data-element_type=\"widget\" data-e-type=\"widget\" data-widget_type=\"heading.default\">\n\t\t\t\t<div class=\"elementor-widget-container\">\n\t\t\t\t\t<h2 class=\"elementor-heading-title elementor-size-default\">Our team<\/h2>\t\t\t\t<\/div>\n\t\t\t\t<\/div>\n\t\t\t\t\t<\/div>\n\t\t<\/div>\n\t\t\t\t\t<\/div>\n\t\t<\/section>\n\t\t\t\t<section class=\"elementor-section elementor-top-section elementor-element elementor-element-85d3399 elementor-section-full_width elementor-section-height-default elementor-section-height-default\" data-id=\"85d3399\" data-element_type=\"section\" data-e-type=\"section\" data-settings=\"{&quot;background_background&quot;:&quot;classic&quot;}\">\n\t\t\t\t\t\t<div class=\"elementor-container elementor-column-gap-narrow\">\n\t\t\t\t\t<div class=\"elementor-column elementor-col-50 elementor-top-column elementor-element elementor-element-2a80dfb\" data-id=\"2a80dfb\" data-element_type=\"column\" data-e-type=\"column\">\n\t\t\t<div class=\"elementor-widget-wrap\">\n\t\t\t\t\t\t\t<\/div>\n\t\t<\/div>\n\t\t\t\t<div class=\"elementor-column elementor-col-50 elementor-top-column elementor-element elementor-element-7b2079a\" data-id=\"7b2079a\" data-element_type=\"column\" data-e-type=\"column\">\n\t\t\t<div class=\"elementor-widget-wrap\">\n\t\t\t\t\t\t\t<\/div>\n\t\t<\/div>\n\t\t\t\t\t<\/div>\n\t\t<\/section>\n\t\t\t\t<section class=\"elementor-section elementor-top-section elementor-element elementor-element-79f7447 elementor-section-full_width elementor-section-height-full elementor-section-height-default elementor-section-items-middle\" data-id=\"79f7447\" data-element_type=\"section\" data-e-type=\"section\" data-settings=\"{&quot;background_background&quot;:&quot;classic&quot;}\">\n\t\t\t\t\t\t\t<div class=\"elementor-background-overlay\"><\/div>\n\t\t\t\t\t\t\t<div class=\"elementor-container elementor-column-gap-no\">\n\t\t\t\t\t<div class=\"elementor-column elementor-col-100 elementor-top-column elementor-element elementor-element-f6f47f2\" data-id=\"f6f47f2\" data-element_type=\"column\" data-e-type=\"column\">\n\t\t\t<div class=\"elementor-widget-wrap elementor-element-populated\">\n\t\t\t\t\t\t<div class=\"elementor-element elementor-element-356ab2f elementor-widget elementor-widget-heading\" data-id=\"356ab2f\" data-element_type=\"widget\" data-e-type=\"widget\" data-widget_type=\"heading.default\">\n\t\t\t\t<div class=\"elementor-widget-container\">\n\t\t\t\t\t<h2 class=\"elementor-heading-title elementor-size-default\">Our Values<\/h2>\t\t\t\t<\/div>\n\t\t\t\t<\/div>\n\t\t\t\t<section class=\"elementor-section elementor-inner-section elementor-element elementor-element-b551087 elementor-section-full_width elementor-section-height-default elementor-section-height-default\" data-id=\"b551087\" data-element_type=\"section\" data-e-type=\"section\">\n\t\t\t\t\t\t<div class=\"elementor-container elementor-column-gap-default\">\n\t\t\t\t\t<div class=\"elementor-column elementor-col-33 elementor-inner-column elementor-element elementor-element-97e51fa\" data-id=\"97e51fa\" data-element_type=\"column\" data-e-type=\"column\">\n\t\t\t<div class=\"elementor-widget-wrap elementor-element-populated\">\n\t\t\t\t\t\t<div class=\"elementor-element elementor-element-151e6cf elementor-position-top elementor-widget elementor-widget-image-box\" data-id=\"151e6cf\" data-element_type=\"widget\" data-e-type=\"widget\" data-widget_type=\"image-box.default\">\n\t\t\t\t<div class=\"elementor-widget-container\">\n\t\t\t\t\t<div class=\"elementor-image-box-wrapper\"><figure class=\"elementor-image-box-img\"><img decoding=\"async\" width=\"163\" height=\"162\" src=\"https:\/\/simplicitefinanciere.ca\/wp-content\/uploads\/2022\/06\/etoile-1.png\" class=\"attachment-full size-full wp-image-3282\" alt=\"\" srcset=\"https:\/\/simplicitefinanciere.ca\/wp-content\/uploads\/2022\/06\/etoile-1.png 163w, https:\/\/simplicitefinanciere.ca\/wp-content\/uploads\/2022\/06\/etoile-1-150x150.png 150w\" sizes=\"(max-width: 163px) 100vw, 163px\" \/><\/figure><div class=\"elementor-image-box-content\"><h3 class=\"elementor-image-box-title\">Integrity<\/h3><p class=\"elementor-image-box-description\">This value is the cornerstone of our business. We are straightforward, fair, honest and open in our advice, decisions, actions and interactions with our clients and business partners. We strive to serve the best interests of our clients. <\/p><\/div><\/div>\t\t\t\t<\/div>\n\t\t\t\t<\/div>\n\t\t\t\t\t<\/div>\n\t\t<\/div>\n\t\t\t\t<div class=\"elementor-column elementor-col-33 elementor-inner-column elementor-element elementor-element-05aba2c\" data-id=\"05aba2c\" data-element_type=\"column\" data-e-type=\"column\">\n\t\t\t<div class=\"elementor-widget-wrap elementor-element-populated\">\n\t\t\t\t\t\t<div class=\"elementor-element elementor-element-53fae3d elementor-position-top elementor-widget elementor-widget-image-box\" data-id=\"53fae3d\" data-element_type=\"widget\" data-e-type=\"widget\" data-widget_type=\"image-box.default\">\n\t\t\t\t<div class=\"elementor-widget-container\">\n\t\t\t\t\t<div class=\"elementor-image-box-wrapper\"><figure class=\"elementor-image-box-img\"><img decoding=\"async\" width=\"163\" height=\"162\" src=\"https:\/\/simplicitefinanciere.ca\/wp-content\/uploads\/2022\/06\/etoile-1.png\" class=\"attachment-full size-full wp-image-3282\" alt=\"\" srcset=\"https:\/\/simplicitefinanciere.ca\/wp-content\/uploads\/2022\/06\/etoile-1.png 163w, https:\/\/simplicitefinanciere.ca\/wp-content\/uploads\/2022\/06\/etoile-1-150x150.png 150w\" sizes=\"(max-width: 163px) 100vw, 163px\" \/><\/figure><div class=\"elementor-image-box-content\"><h3 class=\"elementor-image-box-title\">Transparency<\/h3><p class=\"elementor-image-box-description\">Our client\u2019s trust is essential to our success. That is why we make sure that our clients have access to clear and complete information, while respecting confidentiality rules.<\/p><\/div><\/div>\t\t\t\t<\/div>\n\t\t\t\t<\/div>\n\t\t\t\t\t<\/div>\n\t\t<\/div>\n\t\t\t\t<div class=\"elementor-column elementor-col-33 elementor-inner-column elementor-element elementor-element-1c251f7\" data-id=\"1c251f7\" data-element_type=\"column\" data-e-type=\"column\">\n\t\t\t<div class=\"elementor-widget-wrap elementor-element-populated\">\n\t\t\t\t\t\t<div class=\"elementor-element elementor-element-2a0d46d elementor-position-top elementor-widget elementor-widget-image-box\" data-id=\"2a0d46d\" data-element_type=\"widget\" data-e-type=\"widget\" data-widget_type=\"image-box.default\">\n\t\t\t\t<div class=\"elementor-widget-container\">\n\t\t\t\t\t<div class=\"elementor-image-box-wrapper\"><figure class=\"elementor-image-box-img\"><img decoding=\"async\" width=\"163\" height=\"162\" src=\"https:\/\/simplicitefinanciere.ca\/wp-content\/uploads\/2022\/06\/etoile-1.png\" class=\"attachment-full size-full wp-image-3282\" alt=\"\" srcset=\"https:\/\/simplicitefinanciere.ca\/wp-content\/uploads\/2022\/06\/etoile-1.png 163w, https:\/\/simplicitefinanciere.ca\/wp-content\/uploads\/2022\/06\/etoile-1-150x150.png 150w\" sizes=\"(max-width: 163px) 100vw, 163px\" \/><\/figure><div class=\"elementor-image-box-content\"><h3 class=\"elementor-image-box-title\">Professionalism<\/h3><p class=\"elementor-image-box-description\">We are passionate about our work and the world of finance. We wish to offer the best service to our clients, and we are constantly developing our knowledge in order to provide sound advice and targeted products.<\/p><\/div><\/div>\t\t\t\t<\/div>\n\t\t\t\t<\/div>\n\t\t\t\t\t<\/div>\n\t\t<\/div>\n\t\t\t\t\t<\/div>\n\t\t<\/section>\n\t\t\t\t\t<\/div>\n\t\t<\/div>\n\t\t\t\t\t<\/div>\n\t\t<\/section>\n\t\t\t\t<section class=\"elementor-section elementor-top-section elementor-element elementor-element-6075a0df elementor-section-full_width elementor-section-height-default elementor-section-height-default\" data-id=\"6075a0df\" data-element_type=\"section\" data-e-type=\"section\" data-settings=\"{&quot;background_background&quot;:&quot;classic&quot;}\">\n\t\t\t\t\t\t\t<div class=\"elementor-background-overlay\"><\/div>\n\t\t\t\t\t\t\t<div class=\"elementor-container elementor-column-gap-default\">\n\t\t\t\t\t<div class=\"elementor-column elementor-col-100 elementor-top-column elementor-element elementor-element-33be6a7b\" data-id=\"33be6a7b\" data-element_type=\"column\" data-e-type=\"column\">\n\t\t\t<div class=\"elementor-widget-wrap elementor-element-populated\">\n\t\t\t\t\t\t<section class=\"elementor-section elementor-inner-section elementor-element elementor-element-76d12cf1 elementor-section-boxed elementor-section-height-default elementor-section-height-default\" data-id=\"76d12cf1\" data-element_type=\"section\" data-e-type=\"section\">\n\t\t\t\t\t\t<div class=\"elementor-container elementor-column-gap-default\">\n\t\t\t\t\t<div class=\"elementor-column elementor-col-50 elementor-inner-column elementor-element elementor-element-459492b6\" data-id=\"459492b6\" data-element_type=\"column\" data-e-type=\"column\">\n\t\t\t<div class=\"elementor-widget-wrap elementor-element-populated\">\n\t\t\t\t\t\t<div class=\"elementor-element elementor-element-29616e68 elementor-widget elementor-widget-image\" data-id=\"29616e68\" data-element_type=\"widget\" data-e-type=\"widget\" data-widget_type=\"image.default\">\n\t\t\t\t<div class=\"elementor-widget-container\">\n\t\t\t\t\t\t\t\t\t\t\t\t\t\t\t<img decoding=\"async\" width=\"163\" height=\"162\" src=\"https:\/\/simplicitefinanciere.ca\/wp-content\/uploads\/2022\/06\/etoile-1.png\" class=\"attachment-large size-large wp-image-3282\" alt=\"\" srcset=\"https:\/\/simplicitefinanciere.ca\/wp-content\/uploads\/2022\/06\/etoile-1.png 163w, https:\/\/simplicitefinanciere.ca\/wp-content\/uploads\/2022\/06\/etoile-1-150x150.png 150w\" sizes=\"(max-width: 163px) 100vw, 163px\" \/>\t\t\t\t\t\t\t\t\t\t\t\t\t\t\t<\/div>\n\t\t\t\t<\/div>\n\t\t\t\t\t<\/div>\n\t\t<\/div>\n\t\t\t\t<div class=\"elementor-column elementor-col-50 elementor-inner-column elementor-element elementor-element-bc097a9\" data-id=\"bc097a9\" data-element_type=\"column\" data-e-type=\"column\">\n\t\t\t<div class=\"elementor-widget-wrap elementor-element-populated\">\n\t\t\t\t\t\t<div class=\"elementor-element elementor-element-214a8983 elementor-widget elementor-widget-heading\" data-id=\"214a8983\" data-element_type=\"widget\" data-e-type=\"widget\" data-widget_type=\"heading.default\">\n\t\t\t\t<div class=\"elementor-widget-container\">\n\t\t\t\t\t<h2 class=\"elementor-heading-title elementor-size-default\"> To simplify your investments, contact our team of experts today at 819-243-0433.<\/h2>\t\t\t\t<\/div>\n\t\t\t\t<\/div>\n\t\t\t\t\t<\/div>\n\t\t<\/div>\n\t\t\t\t\t<\/div>\n\t\t<\/section>\n\t\t\t\t\t<\/div>\n\t\t<\/div>\n\t\t\t\t\t<\/div>\n\t\t<\/section>\n\t\t\t\t<\/div>\n\t\t","protected":false},"excerpt":{"rendered":"<p>Who are we? Simplicit\u00e9 financi\u00e8re is a financial services firm providing services in investments, life and health care insurance, and group insurance. Furthermore, we produce income tax returns for individuals and self-employed workers. Our multidisciplinary team allows us to meet your financial needs in terms of both your family and your small business. Why do [&hellip;]<\/p>\n","protected":false},"author":2,"featured_media":3304,"parent":0,"menu_order":2,"comment_status":"closed","ping_status":"closed","template":"","meta":{"site-sidebar-layout":"no-sidebar","site-content-layout":"page-builder","ast-site-content-layout":"default","site-content-style":"default","site-sidebar-style":"default","ast-global-header-display":"","ast-banner-title-visibility":"","ast-main-header-display":"","ast-hfb-above-header-display":"","ast-hfb-below-header-display":"","ast-hfb-mobile-header-display":"","site-post-title":"disabled","ast-breadcrumbs-content":"","ast-featured-img":"disabled","footer-sml-layout":"","ast-disable-related-posts":"","theme-transparent-header-meta":"default","adv-header-id-meta":"","stick-header-meta":"default","header-above-stick-meta":"","header-main-stick-meta":"","header-below-stick-meta":"","astra-migrate-meta-layouts":"default","ast-page-background-enabled":"default","ast-page-background-meta":{"desktop":{"background-color":"","background-image":"","background-repeat":"repeat","background-position":"center center","background-size":"auto","background-attachment":"scroll","background-type":"","background-media":"","overlay-type":"","overlay-color":"","overlay-opacity":"","overlay-gradient":""},"tablet":{"background-color":"","background-image":"","background-repeat":"repeat","background-position":"center center","background-size":"auto","background-attachment":"scroll","background-type":"","background-media":"","overlay-type":"","overlay-color":"","overlay-opacity":"","overlay-gradient":""},"mobile":{"background-color":"","background-image":"","background-repeat":"repeat","background-position":"center center","background-size":"auto","background-attachment":"scroll","background-type":"","background-media":"","overlay-type":"","overlay-color":"","overlay-opacity":"","overlay-gradient":""}},"ast-content-background-meta":{"desktop":{"background-color":"var(--ast-global-color-5)","background-image":"","background-repeat":"repeat","background-position":"center center","background-size":"auto","background-attachment":"scroll","background-type":"","background-media":"","overlay-type":"","overlay-color":"","overlay-opacity":"","overlay-gradient":""},"tablet":{"background-color":"var(--ast-global-color-5)","background-image":"","background-repeat":"repeat","background-position":"center center","background-size":"auto","background-attachment":"scroll","background-type":"","background-media":"","overlay-type":"","overlay-color":"","overlay-opacity":"","overlay-gradient":""},"mobile":{"background-color":"var(--ast-global-color-5)","background-image":"","background-repeat":"repeat","background-position":"center center","background-size":"auto","background-attachment":"scroll","background-type":"","background-media":"","overlay-type":"","overlay-color":"","overlay-opacity":"","overlay-gradient":""}},"footnotes":""},"class_list":["post-3324","page","type-page","status-publish","has-post-thumbnail","hentry"],"yoast_head":"<!-- This site is optimized with the Yoast SEO plugin v27.5 - https:\/\/yoast.com\/product\/yoast-seo-wordpress\/ -->\n<title>About us - Simplicit\u00e9 Financi\u00e8re<\/title>\n<meta name=\"robots\" content=\"index, follow, max-snippet:-1, max-image-preview:large, max-video-preview:-1\" \/>\n<link rel=\"canonical\" href=\"https:\/\/simplicitefinanciere.ca\/en\/about-us\/\" \/>\n<meta property=\"og:locale\" content=\"en_US\" \/>\n<meta property=\"og:type\" content=\"article\" \/>\n<meta property=\"og:title\" content=\"About us - Simplicit\u00e9 Financi\u00e8re\" \/>\n<meta property=\"og:description\" content=\"Who are we? Simplicit\u00e9 financi\u00e8re is a financial services firm providing services in investments, life and health care insurance, and group insurance. Furthermore, we produce income tax returns for individuals and self-employed workers. Our multidisciplinary team allows us to meet your financial needs in terms of both your family and your small business. Why do [&hellip;]\" \/>\n<meta property=\"og:url\" content=\"https:\/\/simplicitefinanciere.ca\/en\/about-us\/\" \/>\n<meta property=\"og:site_name\" content=\"Simplicit\u00e9 Financi\u00e8re\" \/>\n<meta property=\"article:modified_time\" content=\"2022-10-11T02:50:32+00:00\" \/>\n<meta property=\"og:image\" content=\"https:\/\/simplicitefinanciere.ca\/wp-content\/uploads\/2022\/09\/simplicite_header_02.jpg\" \/>\n\t<meta property=\"og:image:width\" content=\"1920\" \/>\n\t<meta property=\"og:image:height\" content=\"1306\" \/>\n\t<meta property=\"og:image:type\" content=\"image\/jpeg\" \/>\n<meta name=\"twitter:card\" content=\"summary_large_image\" \/>\n<meta name=\"twitter:label1\" content=\"Est. reading time\" \/>\n\t<meta name=\"twitter:data1\" content=\"2 minutes\" \/>\n<script type=\"application\/ld+json\" class=\"yoast-schema-graph\">{\"@context\":\"https:\\\/\\\/schema.org\",\"@graph\":[{\"@type\":\"WebPage\",\"@id\":\"https:\\\/\\\/simplicitefinanciere.ca\\\/en\\\/about-us\\\/\",\"url\":\"https:\\\/\\\/simplicitefinanciere.ca\\\/en\\\/about-us\\\/\",\"name\":\"About us - Simplicit\u00e9 Financi\u00e8re\",\"isPartOf\":{\"@id\":\"https:\\\/\\\/simplicitefinanciere.ca\\\/en\\\/#website\"},\"primaryImageOfPage\":{\"@id\":\"https:\\\/\\\/simplicitefinanciere.ca\\\/en\\\/about-us\\\/#primaryimage\"},\"image\":{\"@id\":\"https:\\\/\\\/simplicitefinanciere.ca\\\/en\\\/about-us\\\/#primaryimage\"},\"thumbnailUrl\":\"https:\\\/\\\/simplicitefinanciere.ca\\\/wp-content\\\/uploads\\\/2022\\\/09\\\/simplicite_header_02.jpg\",\"datePublished\":\"2022-06-01T12:24:51+00:00\",\"dateModified\":\"2022-10-11T02:50:32+00:00\",\"breadcrumb\":{\"@id\":\"https:\\\/\\\/simplicitefinanciere.ca\\\/en\\\/about-us\\\/#breadcrumb\"},\"inLanguage\":\"en-US\",\"potentialAction\":[{\"@type\":\"ReadAction\",\"target\":[\"https:\\\/\\\/simplicitefinanciere.ca\\\/en\\\/about-us\\\/\"]}]},{\"@type\":\"ImageObject\",\"inLanguage\":\"en-US\",\"@id\":\"https:\\\/\\\/simplicitefinanciere.ca\\\/en\\\/about-us\\\/#primaryimage\",\"url\":\"https:\\\/\\\/simplicitefinanciere.ca\\\/wp-content\\\/uploads\\\/2022\\\/09\\\/simplicite_header_02.jpg\",\"contentUrl\":\"https:\\\/\\\/simplicitefinanciere.ca\\\/wp-content\\\/uploads\\\/2022\\\/09\\\/simplicite_header_02.jpg\",\"width\":1920,\"height\":1306},{\"@type\":\"BreadcrumbList\",\"@id\":\"https:\\\/\\\/simplicitefinanciere.ca\\\/en\\\/about-us\\\/#breadcrumb\",\"itemListElement\":[{\"@type\":\"ListItem\",\"position\":1,\"name\":\"Accueil\",\"item\":\"https:\\\/\\\/simplicitefinanciere.ca\\\/en\\\/\"},{\"@type\":\"ListItem\",\"position\":2,\"name\":\"About us\"}]},{\"@type\":\"WebSite\",\"@id\":\"https:\\\/\\\/simplicitefinanciere.ca\\\/en\\\/#website\",\"url\":\"https:\\\/\\\/simplicitefinanciere.ca\\\/en\\\/\",\"name\":\"Simplicit\u00e9 Financi\u00e8re\",\"description\":\"Cabinet en services financiers\",\"potentialAction\":[{\"@type\":\"SearchAction\",\"target\":{\"@type\":\"EntryPoint\",\"urlTemplate\":\"https:\\\/\\\/simplicitefinanciere.ca\\\/en\\\/?s={search_term_string}\"},\"query-input\":{\"@type\":\"PropertyValueSpecification\",\"valueRequired\":true,\"valueName\":\"search_term_string\"}}],\"inLanguage\":\"en-US\"}]}<\/script>\n<!-- \/ Yoast SEO plugin. -->","yoast_head_json":{"title":"About us - Simplicit\u00e9 Financi\u00e8re","robots":{"index":"index","follow":"follow","max-snippet":"max-snippet:-1","max-image-preview":"max-image-preview:large","max-video-preview":"max-video-preview:-1"},"canonical":"https:\/\/simplicitefinanciere.ca\/en\/about-us\/","og_locale":"en_US","og_type":"article","og_title":"About us - Simplicit\u00e9 Financi\u00e8re","og_description":"Who are we? Simplicit\u00e9 financi\u00e8re is a financial services firm providing services in investments, life and health care insurance, and group insurance. Furthermore, we produce income tax returns for individuals and self-employed workers. Our multidisciplinary team allows us to meet your financial needs in terms of both your family and your small business. Why do [&hellip;]","og_url":"https:\/\/simplicitefinanciere.ca\/en\/about-us\/","og_site_name":"Simplicit\u00e9 Financi\u00e8re","article_modified_time":"2022-10-11T02:50:32+00:00","og_image":[{"width":1920,"height":1306,"url":"https:\/\/simplicitefinanciere.ca\/wp-content\/uploads\/2022\/09\/simplicite_header_02.jpg","type":"image\/jpeg"}],"twitter_card":"summary_large_image","twitter_misc":{"Est. reading time":"2 minutes"},"schema":{"@context":"https:\/\/schema.org","@graph":[{"@type":"WebPage","@id":"https:\/\/simplicitefinanciere.ca\/en\/about-us\/","url":"https:\/\/simplicitefinanciere.ca\/en\/about-us\/","name":"About us - Simplicit\u00e9 Financi\u00e8re","isPartOf":{"@id":"https:\/\/simplicitefinanciere.ca\/en\/#website"},"primaryImageOfPage":{"@id":"https:\/\/simplicitefinanciere.ca\/en\/about-us\/#primaryimage"},"image":{"@id":"https:\/\/simplicitefinanciere.ca\/en\/about-us\/#primaryimage"},"thumbnailUrl":"https:\/\/simplicitefinanciere.ca\/wp-content\/uploads\/2022\/09\/simplicite_header_02.jpg","datePublished":"2022-06-01T12:24:51+00:00","dateModified":"2022-10-11T02:50:32+00:00","breadcrumb":{"@id":"https:\/\/simplicitefinanciere.ca\/en\/about-us\/#breadcrumb"},"inLanguage":"en-US","potentialAction":[{"@type":"ReadAction","target":["https:\/\/simplicitefinanciere.ca\/en\/about-us\/"]}]},{"@type":"ImageObject","inLanguage":"en-US","@id":"https:\/\/simplicitefinanciere.ca\/en\/about-us\/#primaryimage","url":"https:\/\/simplicitefinanciere.ca\/wp-content\/uploads\/2022\/09\/simplicite_header_02.jpg","contentUrl":"https:\/\/simplicitefinanciere.ca\/wp-content\/uploads\/2022\/09\/simplicite_header_02.jpg","width":1920,"height":1306},{"@type":"BreadcrumbList","@id":"https:\/\/simplicitefinanciere.ca\/en\/about-us\/#breadcrumb","itemListElement":[{"@type":"ListItem","position":1,"name":"Accueil","item":"https:\/\/simplicitefinanciere.ca\/en\/"},{"@type":"ListItem","position":2,"name":"About us"}]},{"@type":"WebSite","@id":"https:\/\/simplicitefinanciere.ca\/en\/#website","url":"https:\/\/simplicitefinanciere.ca\/en\/","name":"Simplicit\u00e9 Financi\u00e8re","description":"Cabinet en services financiers","potentialAction":[{"@type":"SearchAction","target":{"@type":"EntryPoint","urlTemplate":"https:\/\/simplicitefinanciere.ca\/en\/?s={search_term_string}"},"query-input":{"@type":"PropertyValueSpecification","valueRequired":true,"valueName":"search_term_string"}}],"inLanguage":"en-US"}]}},"_links":{"self":[{"href":"https:\/\/simplicitefinanciere.ca\/en\/wp-json\/wp\/v2\/pages\/3324","targetHints":{"allow":["GET"]}}],"collection":[{"href":"https:\/\/simplicitefinanciere.ca\/en\/wp-json\/wp\/v2\/pages"}],"about":[{"href":"https:\/\/simplicitefinanciere.ca\/en\/wp-json\/wp\/v2\/types\/page"}],"author":[{"embeddable":true,"href":"https:\/\/simplicitefinanciere.ca\/en\/wp-json\/wp\/v2\/users\/2"}],"replies":[{"embeddable":true,"href":"https:\/\/simplicitefinanciere.ca\/en\/wp-json\/wp\/v2\/comments?post=3324"}],"version-history":[{"count":0,"href":"https:\/\/simplicitefinanciere.ca\/en\/wp-json\/wp\/v2\/pages\/3324\/revisions"}],"wp:featuredmedia":[{"embeddable":true,"href":"https:\/\/simplicitefinanciere.ca\/en\/wp-json\/wp\/v2\/media\/3304"}],"wp:attachment":[{"href":"https:\/\/simplicitefinanciere.ca\/en\/wp-json\/wp\/v2\/media?parent=3324"}],"curies":[{"name":"wp","href":"https:\/\/api.w.org\/{rel}","templated":true}]}}